{"id":89,"date":"2024-05-03T07:34:30","date_gmt":"2024-05-03T07:34:30","guid":{"rendered":"https:\/\/lacuinade.estic.online\/floretto\/?page_id=89"},"modified":"2024-06-13T13:40:24","modified_gmt":"2024-06-13T13:40:24","slug":"flores","status":"publish","type":"page","link":"https:\/\/floreto.cat\/es\/flores\/","title":{"rendered":"Flores"},"content":{"rendered":"\t\t<div data-elementor-type=\"wp-page\" data-elementor-id=\"89\" class=\"elementor elementor-89\" data-elementor-post-type=\"page\">\n\t\t\t\t<div class=\"elementor-element elementor-element-b355ad8 e-flex e-con-boxed e-con e-parent\" data-id=\"b355ad8\" data-element_type=\"container\" data-e-type=\"container\" data-settings=\"{&quot;background_background&quot;:&quot;classic&quot;}\">\n\t\t\t\t\t<div class=\"e-con-inner\">\n\t\t\t\t<div class=\"elementor-element elementor-element-900c5fe elementor-widget elementor-widget-heading\" data-id=\"900c5fe\" data-element_type=\"widget\" data-e-type=\"widget\" data-widget_type=\"heading.default\">\n\t\t\t\t<div class=\"elementor-widget-container\">\n\t\t\t\t\t<h1 class=\"elementor-heading-title elementor-size-default\">Flores Frescas y Plantas<\/h1>\t\t\t\t<\/div>\n\t\t\t\t<\/div>\n\t\t\t\t\t<\/div>\n\t\t\t\t<\/div>\n\t\t<div class=\"elementor-element elementor-element-6a48941 e-flex e-con-boxed e-con e-parent\" data-id=\"6a48941\" data-element_type=\"container\" data-e-type=\"container\" data-settings=\"{&quot;background_background&quot;:&quot;classic&quot;}\">\n\t\t\t\t\t<div class=\"e-con-inner\">\n\t\t\t\t<div class=\"elementor-element elementor-element-e7258ef elementor-widget elementor-widget-heading\" data-id=\"e7258ef\" data-element_type=\"widget\" data-e-type=\"widget\" data-widget_type=\"heading.default\">\n\t\t\t\t<div class=\"elementor-widget-container\">\n\t\t\t\t\t<h2 class=\"elementor-heading-title elementor-size-default\">\"Descubre en Floreto la magia del arte floral, donde cada flor, ramo y planta es una obra de arte que transforma espacios y despierta emociones, reflejando tu estilo \u00fanico y personal.\"\n\n\n\n\n\n\n<\/h2>\t\t\t\t<\/div>\n\t\t\t\t<\/div>\n\t\t\t\t\t<\/div>\n\t\t\t\t<\/div>\n\t\t<div class=\"elementor-element elementor-element-f55bb1c e-flex e-con-boxed e-con e-parent\" data-id=\"f55bb1c\" data-element_type=\"container\" data-e-type=\"container\" data-settings=\"{&quot;background_background&quot;:&quot;classic&quot;}\">\n\t\t\t\t\t<div class=\"e-con-inner\">\n\t\t<div class=\"elementor-element elementor-element-2bc36c7 e-con-full e-flex e-con e-child\" data-id=\"2bc36c7\" data-element_type=\"container\" data-e-type=\"container\">\n\t\t<div class=\"elementor-element elementor-element-06d62a2 e-flex e-con-boxed e-con e-child\" data-id=\"06d62a2\" data-element_type=\"container\" data-e-type=\"container\">\n\t\t\t\t\t<div class=\"e-con-inner\">\n\t\t\t\t<div class=\"elementor-element elementor-element-c44b9f8 elementor-widget elementor-widget-image\" data-id=\"c44b9f8\" data-element_type=\"widget\" data-e-type=\"widget\" data-widget_type=\"image.default\">\n\t\t\t\t<div class=\"elementor-widget-container\">\n\t\t\t\t\t\t\t\t\t\t\t\t\t\t\t<img fetchpriority=\"high\" decoding=\"async\" width=\"800\" height=\"534\" src=\"https:\/\/floreto.cat\/wp-content\/uploads\/2024\/05\/Floreto-4-1024x683.jpg\" class=\"attachment-large size-large wp-image-172\" alt=\"\" srcset=\"https:\/\/floreto.cat\/wp-content\/uploads\/2024\/05\/Floreto-4-1024x683.jpg 1024w, https:\/\/floreto.cat\/wp-content\/uploads\/2024\/05\/Floreto-4-300x200.jpg 300w, https:\/\/floreto.cat\/wp-content\/uploads\/2024\/05\/Floreto-4-768x512.jpg 768w, https:\/\/floreto.cat\/wp-content\/uploads\/2024\/05\/Floreto-4-1536x1024.jpg 1536w, https:\/\/floreto.cat\/wp-content\/uploads\/2024\/05\/Floreto-4-2048x1365.jpg 2048w, https:\/\/floreto.cat\/wp-content\/uploads\/2024\/05\/Floreto-4-600x400.jpg 600w\" sizes=\"(max-width: 800px) 100vw, 800px\" \/>\t\t\t\t\t\t\t\t\t\t\t\t\t\t\t<\/div>\n\t\t\t\t<\/div>\n\t\t\t\t<div class=\"elementor-element elementor-element-68e8e2a elementor-widget elementor-widget-image\" data-id=\"68e8e2a\" data-element_type=\"widget\" data-e-type=\"widget\" data-widget_type=\"image.default\">\n\t\t\t\t<div class=\"elementor-widget-container\">\n\t\t\t\t\t\t\t\t\t\t\t\t\t\t\t<img decoding=\"async\" width=\"800\" height=\"534\" src=\"https:\/\/floreto.cat\/wp-content\/uploads\/2024\/05\/Floreto-9-1024x683.jpg\" class=\"attachment-large size-large wp-image-152\" alt=\"\" srcset=\"https:\/\/floreto.cat\/wp-content\/uploads\/2024\/05\/Floreto-9-1024x683.jpg 1024w, https:\/\/floreto.cat\/wp-content\/uploads\/2024\/05\/Floreto-9-300x200.jpg 300w, https:\/\/floreto.cat\/wp-content\/uploads\/2024\/05\/Floreto-9-768x512.jpg 768w, https:\/\/floreto.cat\/wp-content\/uploads\/2024\/05\/Floreto-9-1536x1024.jpg 1536w, https:\/\/floreto.cat\/wp-content\/uploads\/2024\/05\/Floreto-9-2048x1365.jpg 2048w, https:\/\/floreto.cat\/wp-content\/uploads\/2024\/05\/Floreto-9-600x400.jpg 600w\" sizes=\"(max-width: 800px) 100vw, 800px\" \/>\t\t\t\t\t\t\t\t\t\t\t\t\t\t\t<\/div>\n\t\t\t\t<\/div>\n\t\t\t\t\t<\/div>\n\t\t\t\t<\/div>\n\t\t\t\t<\/div>\n\t\t<div class=\"elementor-element elementor-element-aacc94e e-con-full e-flex e-con e-child\" data-id=\"aacc94e\" data-element_type=\"container\" data-e-type=\"container\">\n\t\t\t\t<div class=\"elementor-element elementor-element-ad7b6a9 elementor-widget elementor-widget-text-editor\" data-id=\"ad7b6a9\" data-element_type=\"widget\" data-e-type=\"widget\" data-widget_type=\"text-editor.default\">\n\t\t\t\t<div class=\"elementor-widget-container\">\n\t\t\t\t\t\t\t\t\t<p>En Floreto, transformamos espacios y emociones a trav\u00e9s del arte floral, ofreciendo decoraciones con flores frescas, ramos personalizados y plantas decorativas de la m\u00e1s alta calidad. Nuestra pasi\u00f3n por la creatividad y la innovaci\u00f3n se refleja en cada arreglo, donde la frescura y la belleza natural de cada flor y planta son protagonistas. Con un enfoque en la personalizaci\u00f3n, la sostenibilidad y el apoyo a la comunidad local, Floreto se dedica a proporcionar experiencias memorables y dise\u00f1os que capturan la esencia de cada momento especial.<\/p>\t\t\t\t\t\t\t\t<\/div>\n\t\t\t\t<\/div>\n\t\t\t\t<\/div>\n\t\t\t\t\t<\/div>\n\t\t\t\t<\/div>\n\t\t<div class=\"elementor-element elementor-element-c8c02ec e-flex e-con-boxed e-con e-parent\" data-id=\"c8c02ec\" data-element_type=\"container\" data-e-type=\"container\" data-settings=\"{&quot;background_background&quot;:&quot;classic&quot;}\">\n\t\t\t\t\t<div class=\"e-con-inner\">\n\t\t<div class=\"elementor-element elementor-element-1aacfe8 e-con-full e-flex e-con e-child\" data-id=\"1aacfe8\" data-element_type=\"container\" data-e-type=\"container\">\n\t\t\t\t<div class=\"elementor-element elementor-element-3943dcf elementor-widget elementor-widget-heading\" data-id=\"3943dcf\" data-element_type=\"widget\" data-e-type=\"widget\" data-widget_type=\"heading.default\">\n\t\t\t\t<div class=\"elementor-widget-container\">\n\t\t\t\t\t<h3 class=\"elementor-heading-title elementor-size-default\">Flores Frescas de Temporada<\/h3>\t\t\t\t<\/div>\n\t\t\t\t<\/div>\n\t\t\t\t<div class=\"elementor-element elementor-element-07b3dc9 elementor-widget elementor-widget-text-editor\" data-id=\"07b3dc9\" data-element_type=\"widget\" data-e-type=\"widget\" data-widget_type=\"text-editor.default\">\n\t\t\t\t<div class=\"elementor-widget-container\">\n\t\t\t\t\t\t\t\t\t<p>Entendemos que cada cliente es \u00fanico y cada ocasi\u00f3n merece ser destacada con un toque especial. Por eso, en Floreto, no solo arreglamos flores; creamos experiencias memorables. Trabajamos de la mano con los clientes para captar su visi\u00f3n y transformarla en realidad.<\/p>\t\t\t\t\t\t\t\t<\/div>\n\t\t\t\t<\/div>\n\t\t\t\t<\/div>\n\t\t<div class=\"elementor-element elementor-element-b5e0f43 e-con-full e-flex e-con e-child\" data-id=\"b5e0f43\" data-element_type=\"container\" data-e-type=\"container\">\n\t\t\t\t<div class=\"elementor-element elementor-element-db03141 elementor-widget elementor-widget-heading\" data-id=\"db03141\" data-element_type=\"widget\" data-e-type=\"widget\" data-widget_type=\"heading.default\">\n\t\t\t\t<div class=\"elementor-widget-container\">\n\t\t\t\t\t<h3 class=\"elementor-heading-title elementor-size-default\">Plantas<\/h3>\t\t\t\t<\/div>\n\t\t\t\t<\/div>\n\t\t\t\t<div class=\"elementor-element elementor-element-30b0cda elementor-widget elementor-widget-text-editor\" data-id=\"30b0cda\" data-element_type=\"widget\" data-e-type=\"widget\" data-widget_type=\"text-editor.default\">\n\t\t\t\t<div class=\"elementor-widget-container\">\n\t\t\t\t\t\t\t\t\t<p>Decora cada rinc\u00f3n del hogar con nuestras plantas. Trabajamos con proveedores locales que ofrecen el mejor producto y variedad.<\/p>\t\t\t\t\t\t\t\t<\/div>\n\t\t\t\t<\/div>\n\t\t\t\t<\/div>\n\t\t\t\t\t<\/div>\n\t\t\t\t<\/div>\n\t\t<div class=\"elementor-element elementor-element-274960c e-con-full e-flex e-con e-parent\" data-id=\"274960c\" data-element_type=\"container\" data-e-type=\"container\">\n\t\t\t\t<div class=\"elementor-element elementor-element-11739f3 elementor-widget elementor-widget-image-carousel\" data-id=\"11739f3\" data-element_type=\"widget\" data-e-type=\"widget\" data-settings=\"{&quot;slides_to_show&quot;:&quot;4&quot;,&quot;navigation&quot;:&quot;none&quot;,&quot;autoplay&quot;:&quot;yes&quot;,&quot;pause_on_hover&quot;:&quot;yes&quot;,&quot;pause_on_interaction&quot;:&quot;yes&quot;,&quot;autoplay_speed&quot;:5000,&quot;infinite&quot;:&quot;yes&quot;,&quot;speed&quot;:500}\" data-widget_type=\"image-carousel.default\">\n\t\t\t\t<div class=\"elementor-widget-container\">\n\t\t\t\t\t\t\t<div class=\"elementor-image-carousel-wrapper swiper\" role=\"region\" aria-roledescription=\"carousel\" aria-label=\"Carrusel de im\u00e1genes\" dir=\"ltr\">\n\t\t\t<div class=\"elementor-image-carousel swiper-wrapper\" aria-live=\"off\">\n\t\t\t\t\t\t\t\t<div class=\"swiper-slide\" role=\"group\" aria-roledescription=\"slide\" aria-label=\"1 de 15\"><figure class=\"swiper-slide-inner\"><img decoding=\"async\" class=\"swiper-slide-image\" src=\"https:\/\/floreto.cat\/wp-content\/uploads\/2024\/05\/Floreto-33-scaled.jpg\" alt=\"Floreto-33\" \/><\/figure><\/div><div class=\"swiper-slide\" role=\"group\" aria-roledescription=\"slide\" aria-label=\"2 de 15\"><figure class=\"swiper-slide-inner\"><img decoding=\"async\" class=\"swiper-slide-image\" src=\"https:\/\/floreto.cat\/wp-content\/uploads\/2024\/05\/Floreto-32-scaled.jpg\" alt=\"Floreto-32\" \/><\/figure><\/div><div class=\"swiper-slide\" role=\"group\" aria-roledescription=\"slide\" aria-label=\"3 de 15\"><figure class=\"swiper-slide-inner\"><img decoding=\"async\" class=\"swiper-slide-image\" src=\"https:\/\/floreto.cat\/wp-content\/uploads\/2024\/05\/Floreto-4-scaled.jpg\" alt=\"Floreto-4\" \/><\/figure><\/div><div class=\"swiper-slide\" role=\"group\" aria-roledescription=\"slide\" aria-label=\"4 de 15\"><figure class=\"swiper-slide-inner\"><img decoding=\"async\" class=\"swiper-slide-image\" src=\"https:\/\/floreto.cat\/wp-content\/uploads\/2024\/05\/Floreto-38-scaled.jpg\" alt=\"Floreto-38\" \/><\/figure><\/div><div class=\"swiper-slide\" role=\"group\" aria-roledescription=\"slide\" aria-label=\"5 de 15\"><figure class=\"swiper-slide-inner\"><img decoding=\"async\" class=\"swiper-slide-image\" src=\"https:\/\/floreto.cat\/wp-content\/uploads\/2024\/05\/Floreto-40-scaled.jpg\" alt=\"Floreto-40\" \/><\/figure><\/div><div class=\"swiper-slide\" role=\"group\" aria-roledescription=\"slide\" aria-label=\"6 de 15\"><figure class=\"swiper-slide-inner\"><img decoding=\"async\" class=\"swiper-slide-image\" src=\"https:\/\/floreto.cat\/wp-content\/uploads\/2024\/05\/Floreto-42-scaled.jpg\" alt=\"Floreto-42\" \/><\/figure><\/div><div class=\"swiper-slide\" role=\"group\" aria-roledescription=\"slide\" aria-label=\"7 de 15\"><figure class=\"swiper-slide-inner\"><img decoding=\"async\" class=\"swiper-slide-image\" src=\"https:\/\/floreto.cat\/wp-content\/uploads\/2024\/05\/Floreto-20-scaled.jpg\" alt=\"Floreto-20\" \/><\/figure><\/div><div class=\"swiper-slide\" role=\"group\" aria-roledescription=\"slide\" aria-label=\"8 de 15\"><figure class=\"swiper-slide-inner\"><img decoding=\"async\" class=\"swiper-slide-image\" src=\"https:\/\/floreto.cat\/wp-content\/uploads\/2024\/05\/Floreto-17-scaled.jpg\" alt=\"Floreto-17\" \/><\/figure><\/div><div class=\"swiper-slide\" role=\"group\" aria-roledescription=\"slide\" aria-label=\"9 de 15\"><figure class=\"swiper-slide-inner\"><img decoding=\"async\" class=\"swiper-slide-image\" src=\"https:\/\/floreto.cat\/wp-content\/uploads\/2024\/05\/Floreto-13-scaled.jpg\" alt=\"Floreto-13\" \/><\/figure><\/div><div class=\"swiper-slide\" role=\"group\" aria-roledescription=\"slide\" aria-label=\"10 de 15\"><figure class=\"swiper-slide-inner\"><img decoding=\"async\" class=\"swiper-slide-image\" src=\"https:\/\/floreto.cat\/wp-content\/uploads\/2024\/05\/Floreto-11-scaled.jpg\" alt=\"Floreto-11\" \/><\/figure><\/div><div class=\"swiper-slide\" role=\"group\" aria-roledescription=\"slide\" aria-label=\"11 de 15\"><figure class=\"swiper-slide-inner\"><img decoding=\"async\" class=\"swiper-slide-image\" src=\"https:\/\/floreto.cat\/wp-content\/uploads\/2024\/05\/Floreto-9-scaled.jpg\" alt=\"Floreto-9\" \/><\/figure><\/div><div class=\"swiper-slide\" role=\"group\" aria-roledescription=\"slide\" aria-label=\"12 de 15\"><figure class=\"swiper-slide-inner\"><img decoding=\"async\" class=\"swiper-slide-image\" src=\"https:\/\/floreto.cat\/wp-content\/uploads\/2024\/05\/Floreto-21-scaled.jpg\" alt=\"Floreto-21\" \/><\/figure><\/div><div class=\"swiper-slide\" role=\"group\" aria-roledescription=\"slide\" aria-label=\"13 de 15\"><figure class=\"swiper-slide-inner\"><img decoding=\"async\" class=\"swiper-slide-image\" src=\"https:\/\/floreto.cat\/wp-content\/uploads\/2024\/05\/Floreto-24-scaled.jpg\" alt=\"Floreto-24\" \/><\/figure><\/div><div class=\"swiper-slide\" role=\"group\" aria-roledescription=\"slide\" aria-label=\"14 de 15\"><figure class=\"swiper-slide-inner\"><img decoding=\"async\" class=\"swiper-slide-image\" src=\"https:\/\/floreto.cat\/wp-content\/uploads\/2024\/05\/Floreto-31-scaled.jpg\" alt=\"Floreto-31\" \/><\/figure><\/div><div class=\"swiper-slide\" role=\"group\" aria-roledescription=\"slide\" aria-label=\"15 de 15\"><figure class=\"swiper-slide-inner\"><img decoding=\"async\" class=\"swiper-slide-image\" src=\"https:\/\/floreto.cat\/wp-content\/uploads\/2024\/05\/Floreto-34-scaled.jpg\" alt=\"Floreto-34\" \/><\/figure><\/div>\t\t\t<\/div>\n\t\t\t\t\t\t\t\n\t\t\t\t\t\t\t\t\t<\/div>\n\t\t\t\t\t\t<\/div>\n\t\t\t\t<\/div>\n\t\t\t\t<\/div>\n\t\t\t\t<\/div>\n\t\t","protected":false},"excerpt":{"rendered":"<p>Flores Frescas y Plantas \u00abDescubre en Floreto la magia del arte floral, donde cada flor, ramo y planta es una obra de arte que transforma espacios y despierta emociones, reflejando tu estilo \u00fanico y personal.\u00bb En Floreto, transformamos espacios y emociones a trav\u00e9s del arte floral, ofreciendo decoraciones con flores frescas, ramos personalizados y plantas [&hellip;]<\/p>\n","protected":false},"author":1,"featured_media":0,"parent":0,"menu_order":0,"comment_status":"closed","ping_status":"closed","template":"","meta":{"footnotes":""},"class_list":["post-89","page","type-page","status-publish","hentry"],"acf":[],"_links":{"self":[{"href":"https:\/\/floreto.cat\/es\/wp-json\/wp\/v2\/pages\/89","targetHints":{"allow":["GET"]}}],"collection":[{"href":"https:\/\/floreto.cat\/es\/wp-json\/wp\/v2\/pages"}],"about":[{"href":"https:\/\/floreto.cat\/es\/wp-json\/wp\/v2\/types\/page"}],"author":[{"embeddable":true,"href":"https:\/\/floreto.cat\/es\/wp-json\/wp\/v2\/users\/1"}],"replies":[{"embeddable":true,"href":"https:\/\/floreto.cat\/es\/wp-json\/wp\/v2\/comments?post=89"}],"version-history":[{"count":31,"href":"https:\/\/floreto.cat\/es\/wp-json\/wp\/v2\/pages\/89\/revisions"}],"predecessor-version":[{"id":498,"href":"https:\/\/floreto.cat\/es\/wp-json\/wp\/v2\/pages\/89\/revisions\/498"}],"wp:attachment":[{"href":"https:\/\/floreto.cat\/es\/wp-json\/wp\/v2\/media?parent=89"}],"curies":[{"name":"wp","href":"https:\/\/api.w.org\/{rel}","templated":true}]}}